{"id":261,"date":"2024-12-13T11:43:14","date_gmt":"2024-12-13T11:43:14","guid":{"rendered":"https:\/\/pl-gr-business-gala.gr\/?page_id=261"},"modified":"2024-12-13T12:12:27","modified_gmt":"2024-12-13T12:12:27","slug":"partnerzy-gali","status":"publish","type":"page","link":"https:\/\/pl-gr-business-gala.gr\/?page_id=261","title":{"rendered":"Partnerzy Gali"},"content":{"rendered":"\t\t<div data-elementor-type=\"wp-page\" data-elementor-id=\"261\" class=\"elementor elementor-261\">\n\t\t\t\t<div class=\"elementor-element elementor-element-4b7ac51 e-flex e-con-boxed e-con e-parent\" data-id=\"4b7ac51\" data-element_type=\"container\">\n\t\t\t\t\t<div class=\"e-con-inner\">\n\t\t\t\t<div class=\"elementor-element elementor-element-d7468cf elementor-widget elementor-widget-heading\" data-id=\"d7468cf\" data-element_type=\"widget\" data-widget_type=\"heading.default\">\n\t\t\t\t<div class=\"elementor-widget-container\">\n\t\t\t<h2 class=\"elementor-heading-title elementor-size-default\">Partner strategiczny <\/h2>\t\t<\/div>\n\t\t\t\t<\/div>\n\t\t\t\t\t<\/div>\n\t\t\t\t<\/div>\n\t\t<div class=\"elementor-element elementor-element-c086b7b e-flex e-con-boxed e-con e-parent\" data-id=\"c086b7b\" data-element_type=\"container\">\n\t\t\t\t\t<div class=\"e-con-inner\">\n\t\t<div class=\"elementor-element elementor-element-6d4a16f e-con-full e-flex e-con e-child\" data-id=\"6d4a16f\" data-element_type=\"container\">\n\t\t\t\t<div class=\"elementor-element elementor-element-21c7e70 elementor-widget elementor-widget-image\" data-id=\"21c7e70\" data-element_type=\"widget\" data-widget_type=\"image.default\">\n\t\t\t\t<div class=\"elementor-widget-container\">\n\t\t\t\t\t\t\t\t\t\t\t\t\t<img fetchpriority=\"high\" decoding=\"async\" width=\"800\" height=\"373\" src=\"https:\/\/pl-gr-business-gala.gr\/wp-content\/uploads\/2024\/12\/PAIH-1024x478.jpg\" class=\"attachment-large size-large wp-image-263\" alt=\"\" srcset=\"https:\/\/pl-gr-business-gala.gr\/wp-content\/uploads\/2024\/12\/PAIH-1024x478.jpg 1024w, https:\/\/pl-gr-business-gala.gr\/wp-content\/uploads\/2024\/12\/PAIH-300x140.jpg 300w, https:\/\/pl-gr-business-gala.gr\/wp-content\/uploads\/2024\/12\/PAIH-768x358.jpg 768w, https:\/\/pl-gr-business-gala.gr\/wp-content\/uploads\/2024\/12\/PAIH-1536x717.jpg 1536w, https:\/\/pl-gr-business-gala.gr\/wp-content\/uploads\/2024\/12\/PAIH.jpg 2000w\" sizes=\"(max-width: 800px) 100vw, 800px\" \/>\t\t\t\t\t\t\t\t\t\t\t\t\t<\/div>\n\t\t\t\t<\/div>\n\t\t\t\t<\/div>\n\t\t<div class=\"elementor-element elementor-element-51f2c5f e-con-full e-flex e-con e-child\" data-id=\"51f2c5f\" data-element_type=\"container\">\n\t\t\t\t<div class=\"elementor-element elementor-element-600fe8e elementor-widget elementor-widget-text-editor\" data-id=\"600fe8e\" data-element_type=\"widget\" data-widget_type=\"text-editor.default\">\n\t\t\t\t<div class=\"elementor-widget-container\">\n\t\t\t\t\t\t\t<p>Polska Agencja Inwestycji i Handlu (PAIH) jest instytucj\u0105 rz\u0105dow\u0105 wspieraj\u0105c\u0105 rozw\u00f3j polskiej gospodarki na arenie mi\u0119dzynarodowej. Jej dzia\u0142alno\u015b\u0107 koncentruje si\u0119 na wspieraniu inwestor\u00f3w zagranicznych w Polsce oraz polskich przedsi\u0119biorstw w ich ekspansji na rynki zagraniczne. PAIH oferuje szeroki zakres us\u0142ug, takich jak doradztwo inwestycyjne, analizy rynkowe, wsparcie w poszukiwaniu partner\u00f3w biznesowych, a tak\u017ce organizacj\u0119 misji gospodarczych i promocj\u0119 polskich produkt\u00f3w za granic\u0105. Agencja dzia\u0142a na ca\u0142ym \u015bwiecie dzi\u0119ki sieci Zagranicznych Biur Handlowych, u\u0142atwiaj\u0105c budowanie relacji handlowych i inwestycyjnych mi\u0119dzy Polsk\u0105 a innymi krajami.<\/p>\t\t\t\t\t\t<\/div>\n\t\t\t\t<\/div>\n\t\t\t\t<\/div>\n\t\t\t\t\t<\/div>\n\t\t\t\t<\/div>\n\t\t<div class=\"elementor-element elementor-element-ef6d448 e-con-full e-flex e-con e-parent\" data-id=\"ef6d448\" data-element_type=\"container\">\n\t\t\t\t<div class=\"elementor-element elementor-element-67faf15 elementor-widget elementor-widget-heading\" data-id=\"67faf15\" data-element_type=\"widget\" data-widget_type=\"heading.default\">\n\t\t\t\t<div class=\"elementor-widget-container\">\n\t\t\t<h2 class=\"elementor-heading-title elementor-size-default\">Partner Honorowy<\/h2>\t\t<\/div>\n\t\t\t\t<\/div>\n\t\t\t\t<\/div>\n\t\t<div class=\"elementor-element elementor-element-eb0152c e-flex e-con-boxed e-con e-parent\" data-id=\"eb0152c\" data-element_type=\"container\">\n\t\t\t\t\t<div class=\"e-con-inner\">\n\t\t<div class=\"elementor-element elementor-element-a927ca4 e-con-full e-flex e-con e-child\" data-id=\"a927ca4\" data-element_type=\"container\">\n\t\t\t\t<div class=\"elementor-element elementor-element-6a8adff elementor-widget elementor-widget-image\" data-id=\"6a8adff\" data-element_type=\"widget\" data-widget_type=\"image.default\">\n\t\t\t\t<div class=\"elementor-widget-container\">\n\t\t\t\t\t\t\t\t\t\t\t\t\t<img decoding=\"async\" width=\"150\" height=\"150\" src=\"https:\/\/pl-gr-business-gala.gr\/wp-content\/uploads\/2024\/12\/logopl-150x150.png\" class=\"attachment-thumbnail size-thumbnail wp-image-266\" alt=\"\" srcset=\"https:\/\/pl-gr-business-gala.gr\/wp-content\/uploads\/2024\/12\/logopl-150x150.png 150w, https:\/\/pl-gr-business-gala.gr\/wp-content\/uploads\/2024\/12\/logopl-300x300.png 300w, https:\/\/pl-gr-business-gala.gr\/wp-content\/uploads\/2024\/12\/logopl-1024x1024.png 1024w, https:\/\/pl-gr-business-gala.gr\/wp-content\/uploads\/2024\/12\/logopl-768x768.png 768w, https:\/\/pl-gr-business-gala.gr\/wp-content\/uploads\/2024\/12\/logopl-1536x1536.png 1536w, https:\/\/pl-gr-business-gala.gr\/wp-content\/uploads\/2024\/12\/logopl-2048x2048.png 2048w\" sizes=\"(max-width: 150px) 100vw, 150px\" \/>\t\t\t\t\t\t\t\t\t\t\t\t\t<\/div>\n\t\t\t\t<\/div>\n\t\t\t\t<\/div>\n\t\t<div class=\"elementor-element elementor-element-e218614 e-con-full e-flex e-con e-child\" data-id=\"e218614\" data-element_type=\"container\">\n\t\t\t\t<div class=\"elementor-element elementor-element-2ee0cce elementor-widget elementor-widget-image\" data-id=\"2ee0cce\" data-element_type=\"widget\" data-widget_type=\"image.default\">\n\t\t\t\t<div class=\"elementor-widget-container\">\n\t\t\t\t\t\t\t\t\t\t\t\t\t<img decoding=\"async\" width=\"115\" height=\"140\" src=\"https:\/\/pl-gr-business-gala.gr\/wp-content\/uploads\/2024\/12\/logo@2x.jpg\" class=\"attachment-1536x1536 size-1536x1536 wp-image-264\" alt=\"\" \/>\t\t\t\t\t\t\t\t\t\t\t\t\t<\/div>\n\t\t\t\t<\/div>\n\t\t\t\t<\/div>\n\t\t\t\t\t<\/div>\n\t\t\t\t<\/div>\n\t\t<div class=\"elementor-element elementor-element-9893ba2 e-flex e-con-boxed e-con e-parent\" data-id=\"9893ba2\" data-element_type=\"container\">\n\t\t\t\t\t<div class=\"e-con-inner\">\n\t\t<div class=\"elementor-element elementor-element-f74292a e-con-full e-flex e-con e-child\" data-id=\"f74292a\" data-element_type=\"container\">\n\t\t\t\t<div class=\"elementor-element elementor-element-e111d18 elementor-widget elementor-widget-text-editor\" data-id=\"e111d18\" data-element_type=\"widget\" data-widget_type=\"text-editor.default\">\n\t\t\t\t<div class=\"elementor-widget-container\">\n\t\t\t\t\t\t\t<p>Polsko-Grecka Izba Przemys\u0142owo Handlowa<\/p>\t\t\t\t\t\t<\/div>\n\t\t\t\t<\/div>\n\t\t\t\t<\/div>\n\t\t<div class=\"elementor-element elementor-element-b76c35b e-con-full e-flex e-con e-child\" data-id=\"b76c35b\" data-element_type=\"container\">\n\t\t\t\t<div class=\"elementor-element elementor-element-416cb67 elementor-widget elementor-widget-text-editor\" data-id=\"416cb67\" data-element_type=\"widget\" data-widget_type=\"text-editor.default\">\n\t\t\t\t<div class=\"elementor-widget-container\">\n\t\t\t\t\t\t\t<p>Grecko &#8211; Polskiej Izbie Przemys\u0142u i Inwestycji<\/p>\t\t\t\t\t\t<\/div>\n\t\t\t\t<\/div>\n\t\t\t\t<\/div>\n\t\t\t\t\t<\/div>\n\t\t\t\t<\/div>\n\t\t<div class=\"elementor-element elementor-element-1f93e99 e-flex e-con-boxed e-con e-parent\" data-id=\"1f93e99\" data-element_type=\"container\">\n\t\t\t\t\t<div class=\"e-con-inner\">\n\t\t<div class=\"elementor-element elementor-element-89ed654 e-con-full e-flex e-con e-child\" data-id=\"89ed654\" data-element_type=\"container\">\n\t\t\t\t<div class=\"elementor-element elementor-element-e83175e elementor-widget elementor-widget-text-editor\" data-id=\"e83175e\" data-element_type=\"widget\" data-widget_type=\"text-editor.default\">\n\t\t\t\t<div class=\"elementor-widget-container\">\n\t\t\t\t\t\t\t<p>Celem Izb jest rozw\u00f3j stosunk\u00f3w gospodarczych, handlowych i inwestycyjnych pomi\u0119dzy Rzeczpospolit\u0105 Polsk\u0105 a Republik\u0105 Greck\u0105<\/p>\t\t\t\t\t\t<\/div>\n\t\t\t\t<\/div>\n\t\t\t\t<\/div>\n\t\t\t\t\t<\/div>\n\t\t\t\t<\/div>\n\t\t<div class=\"elementor-element elementor-element-710aecc e-flex e-con-boxed e-con e-parent\" data-id=\"710aecc\" data-element_type=\"container\">\n\t\t\t\t\t<div class=\"e-con-inner\">\n\t\t\t\t<div class=\"elementor-element elementor-element-1ee0d5c elementor-widget elementor-widget-heading\" data-id=\"1ee0d5c\" data-element_type=\"widget\" data-widget_type=\"heading.default\">\n\t\t\t\t<div class=\"elementor-widget-container\">\n\t\t\t<h2 class=\"elementor-heading-title elementor-size-default\">SPONSOR G\u0141\u00d3WNY<\/h2>\t\t<\/div>\n\t\t\t\t<\/div>\n\t\t\t\t\t<\/div>\n\t\t\t\t<\/div>\n\t\t<div class=\"elementor-element elementor-element-edc06e3 e-flex e-con-boxed e-con e-parent\" data-id=\"edc06e3\" data-element_type=\"container\">\n\t\t\t\t\t<div class=\"e-con-inner\">\n\t\t<div class=\"elementor-element elementor-element-775f6b6 e-con-full e-flex e-con e-child\" data-id=\"775f6b6\" data-element_type=\"container\">\n\t\t\t\t<div class=\"elementor-element elementor-element-9713827 elementor-widget elementor-widget-text-editor\" data-id=\"9713827\" data-element_type=\"widget\" data-widget_type=\"text-editor.default\">\n\t\t\t\t<div class=\"elementor-widget-container\">\n\t\t\t\t\t\t\t<p>Firma The Business Insuerence zosta\u0142a stworzona, aby wype\u0142ni\u0107 luk\u0119, kt\u00f3ra istnieje w ubezpieczeniach biznesowych w Grecji. Skupia si\u0119 na przedsi\u0119biorstwach wszelkiego rodzaju i wielko\u015bci, kt\u00f3re poszukuj\u0105 bezpiecznego \u015brodowiska w okre\u015blonym ekosystemie o cechach ESG.<\/p><p>Jej odpowiedzialno\u015bci\u0105 korporacyjn\u0105 i d\u0105\u017ceniem jest redukcja ryzyka biznesowego, a tak\u017ce zr\u00f3wnowa\u017cony rozw\u00f3j ka\u017cdej firmy. T.B.I. projektuje mechanizmy ubezpieczeniowe, kt\u00f3re spe\u0142niaj\u0105 potrzeby ochrony firmy i s\u0105 dostosowane do jej bran\u017cy i cel\u00f3w.<\/p><p>Ponadto, us\u0142ugi TBI obejmuj\u0105 r\u00f3wnie\u017c indywidualne plany ubezpieczeniowe, poniewa\u017c w ka\u017cdej dzia\u0142alno\u015bci gospodarczej centraln\u0105 rol\u0119 odgrywaj\u0105 ludzie.<\/p>\t\t\t\t\t\t<\/div>\n\t\t\t\t<\/div>\n\t\t\t\t<\/div>\n\t\t\t\t<div class=\"elementor-element elementor-element-8a0d04c elementor-widget elementor-widget-image\" data-id=\"8a0d04c\" data-element_type=\"widget\" data-widget_type=\"image.default\">\n\t\t\t\t<div class=\"elementor-widget-container\">\n\t\t\t\t\t\t\t\t\t\t\t\t\t<img loading=\"lazy\" decoding=\"async\" width=\"513\" height=\"500\" src=\"https:\/\/pl-gr-business-gala.gr\/wp-content\/uploads\/2024\/12\/Obraz1.jpg\" class=\"attachment-medium_large size-medium_large wp-image-268\" alt=\"\" srcset=\"https:\/\/pl-gr-business-gala.gr\/wp-content\/uploads\/2024\/12\/Obraz1.jpg 513w, https:\/\/pl-gr-business-gala.gr\/wp-content\/uploads\/2024\/12\/Obraz1-300x292.jpg 300w\" sizes=\"(max-width: 513px) 100vw, 513px\" \/>\t\t\t\t\t\t\t\t\t\t\t\t\t<\/div>\n\t\t\t\t<\/div>\n\t\t\t\t\t<\/div>\n\t\t\t\t<\/div>\n\t\t<div class=\"elementor-element elementor-element-19969ae e-flex e-con-boxed e-con e-parent\" data-id=\"19969ae\" data-element_type=\"container\">\n\t\t\t\t\t<div class=\"e-con-inner\">\n\t\t\t\t<div class=\"elementor-element elementor-element-8a656d1 elementor-widget elementor-widget-heading\" data-id=\"8a656d1\" data-element_type=\"widget\" data-widget_type=\"heading.default\">\n\t\t\t\t<div class=\"elementor-widget-container\">\n\t\t\t<h2 class=\"elementor-heading-title elementor-size-default\">PATRONAT MEDIALNY<\/h2>\t\t<\/div>\n\t\t\t\t<\/div>\n\t\t\t\t\t<\/div>\n\t\t\t\t<\/div>\n\t\t<div class=\"elementor-element elementor-element-88b91cb e-flex e-con-boxed e-con e-parent\" data-id=\"88b91cb\" data-element_type=\"container\">\n\t\t\t\t\t<div class=\"e-con-inner\">\n\t\t<div class=\"elementor-element elementor-element-defef6f e-con-full e-flex e-con e-child\" data-id=\"defef6f\" data-element_type=\"container\">\n\t\t\t\t<div class=\"elementor-element elementor-element-2ef743c elementor-widget elementor-widget-image\" data-id=\"2ef743c\" data-element_type=\"widget\" data-widget_type=\"image.default\">\n\t\t\t\t<div class=\"elementor-widget-container\">\n\t\t\t\t\t\t\t\t\t\t\t\t\t<img loading=\"lazy\" decoding=\"async\" width=\"422\" height=\"65\" src=\"https:\/\/pl-gr-business-gala.gr\/wp-content\/uploads\/2024\/12\/logo-red.png\" class=\"attachment-large size-large wp-image-267\" alt=\"\" srcset=\"https:\/\/pl-gr-business-gala.gr\/wp-content\/uploads\/2024\/12\/logo-red.png 422w, https:\/\/pl-gr-business-gala.gr\/wp-content\/uploads\/2024\/12\/logo-red-300x46.png 300w\" sizes=\"(max-width: 422px) 100vw, 422px\" \/>\t\t\t\t\t\t\t\t\t\t\t\t\t<\/div>\n\t\t\t\t<\/div>\n\t\t\t\t<\/div>\n\t\t\t\t<div class=\"elementor-element elementor-element-374706c elementor-widget elementor-widget-image\" data-id=\"374706c\" data-element_type=\"widget\" data-widget_type=\"image.default\">\n\t\t\t\t<div class=\"elementor-widget-container\">\n\t\t\t\t\t\t\t\t\t\t\t\t\t<img loading=\"lazy\" decoding=\"async\" width=\"352\" height=\"60\" src=\"https:\/\/pl-gr-business-gala.gr\/wp-content\/uploads\/2024\/12\/polonorama-logo2.png\" class=\"attachment-large size-large wp-image-270\" alt=\"\" srcset=\"https:\/\/pl-gr-business-gala.gr\/wp-content\/uploads\/2024\/12\/polonorama-logo2.png 352w, https:\/\/pl-gr-business-gala.gr\/wp-content\/uploads\/2024\/12\/polonorama-logo2-300x51.png 300w\" sizes=\"(max-width: 352px) 100vw, 352px\" \/>\t\t\t\t\t\t\t\t\t\t\t\t\t<\/div>\n\t\t\t\t<\/div>\n\t\t\t\t\t<\/div>\n\t\t\t\t<\/div>\n\t\t\t\t<\/div>\n\t\t","protected":false},"excerpt":{"rendered":"<p>Partner strategiczny Polska Agencja Inwestycji i Handlu (PAIH) jest instytucj\u0105 rz\u0105dow\u0105 wspieraj\u0105c\u0105 rozw\u00f3j polskiej gospodarki na arenie mi\u0119dzynarodowej. Jej dzia\u0142alno\u015b\u0107 koncentruje si\u0119 na wspieraniu inwestor\u00f3w zagranicznych w Polsce oraz polskich przedsi\u0119biorstw w ich ekspansji na rynki zagraniczne. PAIH oferuje szeroki zakres us\u0142ug, takich jak doradztwo inwestycyjne, analizy rynkowe, wsparcie w poszukiwaniu partner\u00f3w biznesowych, a tak\u017ce [&hellip;]<\/p>\n","protected":false},"author":1,"featured_media":0,"parent":0,"menu_order":0,"comment_status":"closed","ping_status":"closed","template":"","meta":{"_monsterinsights_skip_tracking":false,"_monsterinsights_sitenote_active":false,"_monsterinsights_sitenote_note":"","_monsterinsights_sitenote_category":0,"footnotes":""},"class_list":["post-261","page","type-page","status-publish","hentry"],"_links":{"self":[{"href":"https:\/\/pl-gr-business-gala.gr\/index.php?rest_route=\/wp\/v2\/pages\/261","targetHints":{"allow":["GET"]}}],"collection":[{"href":"https:\/\/pl-gr-business-gala.gr\/index.php?rest_route=\/wp\/v2\/pages"}],"about":[{"href":"https:\/\/pl-gr-business-gala.gr\/index.php?rest_route=\/wp\/v2\/types\/page"}],"author":[{"embeddable":true,"href":"https:\/\/pl-gr-business-gala.gr\/index.php?rest_route=\/wp\/v2\/users\/1"}],"replies":[{"embeddable":true,"href":"https:\/\/pl-gr-business-gala.gr\/index.php?rest_route=%2Fwp%2Fv2%2Fcomments&post=261"}],"version-history":[{"count":7,"href":"https:\/\/pl-gr-business-gala.gr\/index.php?rest_route=\/wp\/v2\/pages\/261\/revisions"}],"predecessor-version":[{"id":277,"href":"https:\/\/pl-gr-business-gala.gr\/index.php?rest_route=\/wp\/v2\/pages\/261\/revisions\/277"}],"wp:attachment":[{"href":"https:\/\/pl-gr-business-gala.gr\/index.php?rest_route=%2Fwp%2Fv2%2Fmedia&parent=261"}],"curies":[{"name":"wp","href":"https:\/\/api.w.org\/{rel}","templated":true}]}}