{"id":15,"date":"2024-11-26T04:12:00","date_gmt":"2024-11-26T04:12:00","guid":{"rendered":"https:\/\/pl-gr-business-gala.gr\/?page_id=15"},"modified":"2025-10-06T16:14:44","modified_gmt":"2025-10-06T16:14:44","slug":"uczestnicy-gali","status":"publish","type":"page","link":"https:\/\/pl-gr-business-gala.gr\/?page_id=15","title":{"rendered":"Uczestnicy Gali"},"content":{"rendered":"\t\t<div data-elementor-type=\"wp-page\" data-elementor-id=\"15\" class=\"elementor elementor-15\">\n\t\t\t\t<div class=\"elementor-element elementor-element-35107bf e-flex e-con-boxed e-con e-parent\" data-id=\"35107bf\" data-element_type=\"container\">\n\t\t\t\t\t<div class=\"e-con-inner\">\n\t\t\t\t<div class=\"elementor-element elementor-element-991918d elementor-widget elementor-widget-text-editor\" data-id=\"991918d\" data-element_type=\"widget\" data-widget_type=\"text-editor.default\">\n\t\t\t\t<div class=\"elementor-widget-container\">\n\t\t\t\t\t\t\t<p><em>W gali udzia\u0142 wzie\u0142a polonia biznesowa dzia\u0142aj\u0105ca w Grecji, kt\u00f3ra wnosi wk\u0142ad w rozw\u00f3j lokalnej gospodarki, osobowo\u015bci \u015bwiata kultury, sztuki i medi\u00f3w zwi\u0105zanych z polsko-greckimi relacjami, reprezentanci polskich organizacji polonijnych i instytucji gospodarczych, przedstawiciele czo\u0142owych firm polskich i greckich, kt\u00f3re odgrywaj\u0105 kluczow\u0105 rol\u0119 w wymianie handlowej mi\u0119dzy naszymi krajami.<\/em><\/p><p>\u00a0<\/p>\t\t\t\t\t\t<\/div>\n\t\t\t\t<\/div>\n\t\t\t\t\t<\/div>\n\t\t\t\t<\/div>\n\t\t<div class=\"elementor-element elementor-element-95d1518 e-flex e-con-boxed e-con e-parent\" data-id=\"95d1518\" data-element_type=\"container\">\n\t\t\t\t\t<div class=\"e-con-inner\">\n\t\t<div class=\"elementor-element elementor-element-042ea21 e-con-full e-flex e-con e-child\" data-id=\"042ea21\" data-element_type=\"container\">\n\t\t\t\t<\/div>\n\t\t<div class=\"elementor-element elementor-element-b2b9904 e-con-full e-flex e-con e-child\" data-id=\"b2b9904\" data-element_type=\"container\">\n\t\t\t\t<\/div>\n\t\t<div class=\"elementor-element elementor-element-cf84d6f e-con-full e-flex e-con e-child\" data-id=\"cf84d6f\" data-element_type=\"container\">\n\t\t\t\t<\/div>\n\t\t<div class=\"elementor-element elementor-element-546e705 e-con-full e-flex e-con e-child\" data-id=\"546e705\" data-element_type=\"container\">\n\t\t\t\t<\/div>\n\t\t\t\t\t<\/div>\n\t\t\t\t<\/div>\n\t\t\t\t<\/div>\n\t\t","protected":false},"excerpt":{"rendered":"<p>W gali udzia\u0142 wzie\u0142a polonia biznesowa dzia\u0142aj\u0105ca w Grecji, kt\u00f3ra wnosi wk\u0142ad w rozw\u00f3j lokalnej gospodarki, osobowo\u015bci \u015bwiata kultury, sztuki i medi\u00f3w zwi\u0105zanych z polsko-greckimi relacjami, reprezentanci polskich organizacji polonijnych i instytucji gospodarczych, przedstawiciele czo\u0142owych firm polskich i greckich, kt\u00f3re odgrywaj\u0105 kluczow\u0105 rol\u0119 w wymianie handlowej mi\u0119dzy naszymi krajami. \u00a0<\/p>\n","protected":false},"author":1,"featured_media":0,"parent":0,"menu_order":0,"comment_status":"closed","ping_status":"closed","template":"","meta":{"_monsterinsights_skip_tracking":false,"_monsterinsights_sitenote_active":false,"_monsterinsights_sitenote_note":"","_monsterinsights_sitenote_category":0,"footnotes":""},"class_list":["post-15","page","type-page","status-publish","hentry"],"_links":{"self":[{"href":"https:\/\/pl-gr-business-gala.gr\/index.php?rest_route=\/wp\/v2\/pages\/15","targetHints":{"allow":["GET"]}}],"collection":[{"href":"https:\/\/pl-gr-business-gala.gr\/index.php?rest_route=\/wp\/v2\/pages"}],"about":[{"href":"https:\/\/pl-gr-business-gala.gr\/index.php?rest_route=\/wp\/v2\/types\/page"}],"author":[{"embeddable":true,"href":"https:\/\/pl-gr-business-gala.gr\/index.php?rest_route=\/wp\/v2\/users\/1"}],"replies":[{"embeddable":true,"href":"https:\/\/pl-gr-business-gala.gr\/index.php?rest_route=%2Fwp%2Fv2%2Fcomments&post=15"}],"version-history":[{"count":13,"href":"https:\/\/pl-gr-business-gala.gr\/index.php?rest_route=\/wp\/v2\/pages\/15\/revisions"}],"predecessor-version":[{"id":286,"href":"https:\/\/pl-gr-business-gala.gr\/index.php?rest_route=\/wp\/v2\/pages\/15\/revisions\/286"}],"wp:attachment":[{"href":"https:\/\/pl-gr-business-gala.gr\/index.php?rest_route=%2Fwp%2Fv2%2Fmedia&parent=15"}],"curies":[{"name":"wp","href":"https:\/\/api.w.org\/{rel}","templated":true}]}}